{"id":599,"date":"2025-05-27T14:10:41","date_gmt":"2025-05-27T14:10:41","guid":{"rendered":"https:\/\/sugarrush-slot24.com\/sample-page\/"},"modified":"2026-03-03T13:55:48","modified_gmt":"2026-03-03T13:55:48","slug":"sample-page","status":"publish","type":"page","link":"https:\/\/sugarrush-slot24.com\/pt-pt\/","title":{"rendered":"Sample Page"},"content":{"rendered":"","protected":false},"excerpt":{"rendered":"","protected":false},"author":1,"featured_media":0,"parent":0,"menu_order":0,"comment_status":"closed","ping_status":"open","template":"views\/page-home.php","meta":{"footnotes":""},"class_list":["post-599","page","type-page","status-publish","hentry"],"acf":[],"yoast_head":"<!-- This site is optimized with the Yoast SEO plugin v25.2 - https:\/\/yoast.com\/wordpress\/plugins\/seo\/ -->\n<title>Sugar Rush Jogo \u2013 Slot Online com Rodadas Gr\u00e1tis<\/title>\n<meta name=\"description\" content=\"Experimente o Sugar Rush jogo com rodadas gr\u00e1tis e pr\u00e9mios doces. Slot online otimizado para telem\u00f3vel e desktop em Portugal.\" \/>\n<meta name=\"robots\" content=\"index, follow, max-snippet:-1, max-image-preview:large, max-video-preview:-1\" \/>\n<meta property=\"og:locale\" content=\"pt_PT\" \/>\n<meta property=\"og:type\" content=\"article\" \/>\n<meta property=\"og:url\" content=\"https:\/\/sugarrush-slot24.com\/pt-pt\/\" \/>\n<meta property=\"og:site_name\" content=\"Sugar Rush Game Online\" \/>\n<meta property=\"article:modified_time\" content=\"2026-03-03T13:55:48+00:00\" \/>\n<meta name=\"twitter:card\" content=\"summary_large_image\" \/>\n<!-- \/ Yoast SEO plugin. -->","yoast_head_json":{"title":"Sugar Rush Jogo \u2013 Slot Online com Rodadas Gr\u00e1tis","description":"Experimente o Sugar Rush jogo com rodadas gr\u00e1tis e pr\u00e9mios doces. Slot online otimizado para telem\u00f3vel e desktop em Portugal.","robots":{"index":"index","follow":"follow","max-snippet":"max-snippet:-1","max-image-preview":"max-image-preview:large","max-video-preview":"max-video-preview:-1"},"og_locale":"pt_PT","og_type":"article","og_url":"https:\/\/sugarrush-slot24.com\/pt-pt\/","og_site_name":"Sugar Rush Game Online","article_modified_time":"2026-03-03T13:55:48+00:00","twitter_card":"summary_large_image","schema":{"@context":"https:\/\/schema.org","@graph":[{"@type":"WebPage","@id":"https:\/\/sugarrush-slot24.com\/pt-pt\/","url":"https:\/\/sugarrush-slot24.com\/pt-pt\/","name":"Sugar Rush Jogo \u2013 Slot Online com Rodadas Gr\u00e1tis","isPartOf":{"@id":"https:\/\/sugarrush-slot24.com\/#website"},"datePublished":"2025-05-27T14:10:41+00:00","dateModified":"2026-03-03T13:55:48+00:00","description":"Experimente o Sugar Rush jogo com rodadas gr\u00e1tis e pr\u00e9mios doces. Slot online otimizado para telem\u00f3vel e desktop em Portugal.","breadcrumb":{"@id":"https:\/\/sugarrush-slot24.com\/pt-pt\/#breadcrumb"},"inLanguage":"pt-PT","potentialAction":[{"@type":"ReadAction","target":["https:\/\/sugarrush-slot24.com\/pt-pt\/"]}]},{"@type":"BreadcrumbList","@id":"https:\/\/sugarrush-slot24.com\/pt-pt\/#breadcrumb","itemListElement":[{"@type":"ListItem","position":1,"name":"Home","item":"https:\/\/sugarrush-slot24.com\/pt-pt\/"},{"@type":"ListItem","position":2,"name":"Sample Page"}]},{"@type":"WebSite","@id":"https:\/\/sugarrush-slot24.com\/#website","url":"https:\/\/sugarrush-slot24.com\/","name":"Sugar Rush Game Online","description":"","potentialAction":[{"@type":"SearchAction","target":{"@type":"EntryPoint","urlTemplate":"https:\/\/sugarrush-slot24.com\/?s={search_term_string}"},"query-input":{"@type":"PropertyValueSpecification","valueRequired":true,"valueName":"search_term_string"}}],"inLanguage":"pt-PT"}]}},"_links":{"self":[{"href":"https:\/\/sugarrush-slot24.com\/pt-pt\/wp-json\/wp\/v2\/pages\/599","targetHints":{"allow":["GET"]}}],"collection":[{"href":"https:\/\/sugarrush-slot24.com\/pt-pt\/wp-json\/wp\/v2\/pages"}],"about":[{"href":"https:\/\/sugarrush-slot24.com\/pt-pt\/wp-json\/wp\/v2\/types\/page"}],"author":[{"embeddable":true,"href":"https:\/\/sugarrush-slot24.com\/pt-pt\/wp-json\/wp\/v2\/users\/1"}],"replies":[{"embeddable":true,"href":"https:\/\/sugarrush-slot24.com\/pt-pt\/wp-json\/wp\/v2\/comments?post=599"}],"version-history":[{"count":3,"href":"https:\/\/sugarrush-slot24.com\/pt-pt\/wp-json\/wp\/v2\/pages\/599\/revisions"}],"predecessor-version":[{"id":615,"href":"https:\/\/sugarrush-slot24.com\/pt-pt\/wp-json\/wp\/v2\/pages\/599\/revisions\/615"}],"wp:attachment":[{"href":"https:\/\/sugarrush-slot24.com\/pt-pt\/wp-json\/wp\/v2\/media?parent=599"}],"curies":[{"name":"wp","href":"https:\/\/api.w.org\/{rel}","templated":true}]}}